{"id":493,"date":"2016-03-22T14:21:21","date_gmt":"2016-03-22T13:21:21","guid":{"rendered":"http:\/\/www.fuentedeladuquesa.com\/de\/tarif-contact\/"},"modified":"2024-10-15T08:12:34","modified_gmt":"2024-10-15T07:12:34","slug":"tarif-contact","status":"publish","type":"page","link":"https:\/\/www.fuentedeladuquesa.com\/de\/tarif-contact\/","title":{"rendered":"Preise &#038; Reservierungen"},"content":{"rendered":"<p><strong>Um Ihnen einen professionellen Qualit\u00e4tsservice sowie eine Betreuung vor Ort in Ihrer Sprache zu garantieren, wurde die Mietverwaltung dieser Ferienanlage Cynthia anvertraut, die Sie unter den besten Bedingungen auf Franz\u00f6sisch, Englisch oder Spanisch begr\u00fc\u00dfen wird.<\/strong><\/p>\n<p>Wenn Sie auf die untenstehende Registerkarte klicken, werden Sie auf die Website unseres Partners weitergeleitet, wo Sie die Verf\u00fcgbarkeit Ihres Aufenthalts \u00fcberpr\u00fcfen, den Preis berechnen und sicher online buchen k\u00f6nnen.<\/p>\n<p>Gerne beantworten wir auch Ihre Fragen auf der Plattform Ihrer Wahl.<\/p>\n<p>Damit Sie Ihren Aufenthalt voll und ganz genie\u00dfen k\u00f6nnen, sind die Reinigung der Unterkunft sowie die Hausw\u00e4sche (Bettw\u00e4sche und Handt\u00fccher)<\/p>\n","protected":false},"excerpt":{"rendered":"Um Ihnen einen professionellen Qualit\u00e4tsservice sowie eine Betreuung vor Ort in Ihrer Sprache zu garantieren, wurde die Mietverwaltung dieser Ferienanlage Cynthia anvertraut, die Sie unter den besten Bedingungen auf Franz\u00f6sisch, Englisch oder Spanisch begr\u00fc\u00dfen wird. Wenn Sie auf die untenstehende Registerkarte klicken, werden Sie auf die Website unseres Partners weitergeleitet, wo Sie die Verf\u00fcgbarkeit Ihres&#8230; <a class=\"view-article\" href=\"https:\/\/www.fuentedeladuquesa.com\/de\/tarif-contact\/\">En savoir plus<\/a>","protected":false},"author":2,"featured_media":0,"parent":0,"menu_order":0,"comment_status":"closed","ping_status":"closed","template":"template-contact.php","meta":{"_acf_changed":false,"footnotes":""},"class_list":["post-493","page","type-page","status-publish","hentry"],"acf":[],"yoast_head":"<!-- This site is optimized with the Yoast SEO plugin v27.5 - https:\/\/yoast.com\/product\/yoast-seo-wordpress\/ -->\n<title>Preise &amp; Reservierungen - Appartement Espagne<\/title>\n<meta name=\"robots\" content=\"index, follow, max-snippet:-1, max-image-preview:large, max-video-preview:-1\" \/>\n<link rel=\"canonical\" href=\"https:\/\/www.fuentedeladuquesa.com\/de\/tarif-contact\/\" \/>\n<meta property=\"og:locale\" content=\"de_DE\" \/>\n<meta property=\"og:type\" content=\"article\" \/>\n<meta property=\"og:title\" content=\"Preise &amp; Reservierungen - Appartement Espagne\" \/>\n<meta property=\"og:description\" content=\"Um Ihnen einen professionellen Qualit\u00e4tsservice sowie eine Betreuung vor Ort in Ihrer Sprache zu garantieren, wurde die Mietverwaltung dieser Ferienanlage Cynthia anvertraut, die Sie unter den besten Bedingungen auf Franz\u00f6sisch, Englisch oder Spanisch begr\u00fc\u00dfen wird. Wenn Sie auf die untenstehende Registerkarte klicken, werden Sie auf die Website unseres Partners weitergeleitet, wo Sie die Verf\u00fcgbarkeit Ihres... En savoir plus\" \/>\n<meta property=\"og:url\" content=\"https:\/\/www.fuentedeladuquesa.com\/de\/tarif-contact\/\" \/>\n<meta property=\"og:site_name\" content=\"Appartement Espagne\" \/>\n<meta property=\"article:modified_time\" content=\"2024-10-15T07:12:34+00:00\" \/>\n<meta name=\"twitter:card\" content=\"summary_large_image\" \/>\n<meta name=\"twitter:label1\" content=\"Gesch\u00e4tzte Lesezeit\" \/>\n\t<meta name=\"twitter:data1\" content=\"1\u00a0Minute\" \/>\n<script type=\"application\/ld+json\" class=\"yoast-schema-graph\">{\"@context\":\"https:\\\/\\\/schema.org\",\"@graph\":[{\"@type\":\"WebPage\",\"@id\":\"https:\\\/\\\/www.fuentedeladuquesa.com\\\/de\\\/tarif-contact\\\/\",\"url\":\"https:\\\/\\\/www.fuentedeladuquesa.com\\\/de\\\/tarif-contact\\\/\",\"name\":\"Preise & Reservierungen - Appartement Espagne\",\"isPartOf\":{\"@id\":\"https:\\\/\\\/www.fuentedeladuquesa.com\\\/#website\"},\"datePublished\":\"2016-03-22T13:21:21+00:00\",\"dateModified\":\"2024-10-15T07:12:34+00:00\",\"breadcrumb\":{\"@id\":\"https:\\\/\\\/www.fuentedeladuquesa.com\\\/de\\\/tarif-contact\\\/#breadcrumb\"},\"inLanguage\":\"de\",\"potentialAction\":[{\"@type\":\"ReadAction\",\"target\":[\"https:\\\/\\\/www.fuentedeladuquesa.com\\\/de\\\/tarif-contact\\\/\"]}]},{\"@type\":\"BreadcrumbList\",\"@id\":\"https:\\\/\\\/www.fuentedeladuquesa.com\\\/de\\\/tarif-contact\\\/#breadcrumb\",\"itemListElement\":[{\"@type\":\"ListItem\",\"position\":1,\"name\":\"Accueil\",\"item\":\"https:\\\/\\\/www.fuentedeladuquesa.com\\\/de\\\/\"},{\"@type\":\"ListItem\",\"position\":2,\"name\":\"Preise &#038; Reservierungen\"}]},{\"@type\":\"WebSite\",\"@id\":\"https:\\\/\\\/www.fuentedeladuquesa.com\\\/#website\",\"url\":\"https:\\\/\\\/www.fuentedeladuquesa.com\\\/\",\"name\":\"Appartement Espagne\",\"description\":\"\",\"potentialAction\":[{\"@type\":\"SearchAction\",\"target\":{\"@type\":\"EntryPoint\",\"urlTemplate\":\"https:\\\/\\\/www.fuentedeladuquesa.com\\\/?s={search_term_string}\"},\"query-input\":{\"@type\":\"PropertyValueSpecification\",\"valueRequired\":true,\"valueName\":\"search_term_string\"}}],\"inLanguage\":\"de\"}]}<\/script>\n<!-- \/ Yoast SEO plugin. -->","yoast_head_json":{"title":"Preise & Reservierungen - Appartement Espagne","robots":{"index":"index","follow":"follow","max-snippet":"max-snippet:-1","max-image-preview":"max-image-preview:large","max-video-preview":"max-video-preview:-1"},"canonical":"https:\/\/www.fuentedeladuquesa.com\/de\/tarif-contact\/","og_locale":"de_DE","og_type":"article","og_title":"Preise & Reservierungen - Appartement Espagne","og_description":"Um Ihnen einen professionellen Qualit\u00e4tsservice sowie eine Betreuung vor Ort in Ihrer Sprache zu garantieren, wurde die Mietverwaltung dieser Ferienanlage Cynthia anvertraut, die Sie unter den besten Bedingungen auf Franz\u00f6sisch, Englisch oder Spanisch begr\u00fc\u00dfen wird. Wenn Sie auf die untenstehende Registerkarte klicken, werden Sie auf die Website unseres Partners weitergeleitet, wo Sie die Verf\u00fcgbarkeit Ihres... En savoir plus","og_url":"https:\/\/www.fuentedeladuquesa.com\/de\/tarif-contact\/","og_site_name":"Appartement Espagne","article_modified_time":"2024-10-15T07:12:34+00:00","twitter_card":"summary_large_image","twitter_misc":{"Gesch\u00e4tzte Lesezeit":"1\u00a0Minute"},"schema":{"@context":"https:\/\/schema.org","@graph":[{"@type":"WebPage","@id":"https:\/\/www.fuentedeladuquesa.com\/de\/tarif-contact\/","url":"https:\/\/www.fuentedeladuquesa.com\/de\/tarif-contact\/","name":"Preise & Reservierungen - Appartement Espagne","isPartOf":{"@id":"https:\/\/www.fuentedeladuquesa.com\/#website"},"datePublished":"2016-03-22T13:21:21+00:00","dateModified":"2024-10-15T07:12:34+00:00","breadcrumb":{"@id":"https:\/\/www.fuentedeladuquesa.com\/de\/tarif-contact\/#breadcrumb"},"inLanguage":"de","potentialAction":[{"@type":"ReadAction","target":["https:\/\/www.fuentedeladuquesa.com\/de\/tarif-contact\/"]}]},{"@type":"BreadcrumbList","@id":"https:\/\/www.fuentedeladuquesa.com\/de\/tarif-contact\/#breadcrumb","itemListElement":[{"@type":"ListItem","position":1,"name":"Accueil","item":"https:\/\/www.fuentedeladuquesa.com\/de\/"},{"@type":"ListItem","position":2,"name":"Preise &#038; Reservierungen"}]},{"@type":"WebSite","@id":"https:\/\/www.fuentedeladuquesa.com\/#website","url":"https:\/\/www.fuentedeladuquesa.com\/","name":"Appartement Espagne","description":"","potentialAction":[{"@type":"SearchAction","target":{"@type":"EntryPoint","urlTemplate":"https:\/\/www.fuentedeladuquesa.com\/?s={search_term_string}"},"query-input":{"@type":"PropertyValueSpecification","valueRequired":true,"valueName":"search_term_string"}}],"inLanguage":"de"}]}},"_links":{"self":[{"href":"https:\/\/www.fuentedeladuquesa.com\/de\/wp-json\/wp\/v2\/pages\/493","targetHints":{"allow":["GET"]}}],"collection":[{"href":"https:\/\/www.fuentedeladuquesa.com\/de\/wp-json\/wp\/v2\/pages"}],"about":[{"href":"https:\/\/www.fuentedeladuquesa.com\/de\/wp-json\/wp\/v2\/types\/page"}],"author":[{"embeddable":true,"href":"https:\/\/www.fuentedeladuquesa.com\/de\/wp-json\/wp\/v2\/users\/2"}],"replies":[{"embeddable":true,"href":"https:\/\/www.fuentedeladuquesa.com\/de\/wp-json\/wp\/v2\/comments?post=493"}],"version-history":[{"count":16,"href":"https:\/\/www.fuentedeladuquesa.com\/de\/wp-json\/wp\/v2\/pages\/493\/revisions"}],"predecessor-version":[{"id":2292,"href":"https:\/\/www.fuentedeladuquesa.com\/de\/wp-json\/wp\/v2\/pages\/493\/revisions\/2292"}],"wp:attachment":[{"href":"https:\/\/www.fuentedeladuquesa.com\/de\/wp-json\/wp\/v2\/media?parent=493"}],"curies":[{"name":"wp","href":"https:\/\/api.w.org\/{rel}","templated":true}]}}