{"id":513,"date":"2016-03-22T14:19:45","date_gmt":"2016-03-22T13:19:45","guid":{"rendered":"http:\/\/www.fuentedeladuquesa.com\/de\/visite-des-lieux\/"},"modified":"2016-09-27T21:19:19","modified_gmt":"2016-09-27T20:19:19","slug":"visite-des-lieux","status":"publish","type":"page","link":"https:\/\/www.fuentedeladuquesa.com\/de\/visite-des-lieux\/","title":{"rendered":"Site visit"},"content":{"rendered":"<p>Diese Wohnung verf\u00fcgt \u00fcber zwei Schlafzimmer jeweils direkt mit ihren eigenen Duschraum mit WC (eines mit Doppelbett, das andere mit zwei Doppelbetten mit einem Mezzanine) in Verbindung steht, Wohnzimmer (mit 2 Doppelsofabetten , TV, DVD und USB-Stick) und ein Esszimmer.<\/p>\n<p>offene K\u00fcche zum Wohnzimmer mit Sp\u00fclmaschine, Backofen, Mikrowelle, Toaster, Kaffeemaschine, Mixer, Kaffeemaschine und Radio.<\/p>\n<p>Waschk\u00fcche mit Waschmaschine, einem elektrischen Trockner, B\u00fcgeleisen und B\u00fcgelbrett. Eine dritte separate Toilette ist ebenfalls vorhanden. Zentralisierte reversible Klimaanlage .<\/p>\n<p>Nichtraucher -Wohnung, keine Haustiere erlaubt. Ideal f\u00fcr den Familienurlaub oder mit Freunden.<\/p>\n<p>Auch 10 Minuten von der Stadt Estepona, Marbella 35min und 50min vom Flughafen Malaga.<\/p>\n","protected":false},"excerpt":{"rendered":"Diese Wohnung verf\u00fcgt \u00fcber zwei Schlafzimmer jeweils direkt mit ihren eigenen Duschraum mit WC (eines mit Doppelbett, das andere mit zwei Doppelbetten mit einem Mezzanine) in Verbindung steht, Wohnzimmer (mit 2 Doppelsofabetten , TV, DVD und USB-Stick) und ein Esszimmer. offene K\u00fcche zum Wohnzimmer mit Sp\u00fclmaschine, Backofen, Mikrowelle, Toaster, Kaffeemaschine, Mixer, Kaffeemaschine und Radio. Waschk\u00fcche&#8230; <a class=\"view-article\" href=\"https:\/\/www.fuentedeladuquesa.com\/de\/visite-des-lieux\/\">En savoir plus<\/a>","protected":false},"author":2,"featured_media":0,"parent":0,"menu_order":0,"comment_status":"closed","ping_status":"closed","template":"template-visite.php","meta":{"_acf_changed":false,"footnotes":""},"class_list":["post-513","page","type-page","status-publish","hentry"],"acf":[],"yoast_head":"<!-- This site is optimized with the Yoast SEO plugin v27.4 - https:\/\/yoast.com\/product\/yoast-seo-wordpress\/ -->\n<title>Site visit - Appartement Espagne<\/title>\n<meta name=\"robots\" content=\"index, follow, max-snippet:-1, max-image-preview:large, max-video-preview:-1\" \/>\n<link rel=\"canonical\" href=\"https:\/\/www.fuentedeladuquesa.com\/de\/visite-des-lieux\/\" \/>\n<meta property=\"og:locale\" content=\"de_DE\" \/>\n<meta property=\"og:type\" content=\"article\" \/>\n<meta property=\"og:title\" content=\"Site visit - Appartement Espagne\" \/>\n<meta property=\"og:description\" content=\"Diese Wohnung verf\u00fcgt \u00fcber zwei Schlafzimmer jeweils direkt mit ihren eigenen Duschraum mit WC (eines mit Doppelbett, das andere mit zwei Doppelbetten mit einem Mezzanine) in Verbindung steht, Wohnzimmer (mit 2 Doppelsofabetten , TV, DVD und USB-Stick) und ein Esszimmer. offene K\u00fcche zum Wohnzimmer mit Sp\u00fclmaschine, Backofen, Mikrowelle, Toaster, Kaffeemaschine, Mixer, Kaffeemaschine und Radio. Waschk\u00fcche... En savoir plus\" \/>\n<meta property=\"og:url\" content=\"https:\/\/www.fuentedeladuquesa.com\/de\/visite-des-lieux\/\" \/>\n<meta property=\"og:site_name\" content=\"Appartement Espagne\" \/>\n<meta property=\"article:modified_time\" content=\"2016-09-27T20:19:19+00:00\" \/>\n<meta name=\"twitter:card\" content=\"summary_large_image\" \/>\n<meta name=\"twitter:label1\" content=\"Gesch\u00e4tzte Lesezeit\" \/>\n\t<meta name=\"twitter:data1\" content=\"1\u00a0Minute\" \/>\n<script type=\"application\/ld+json\" class=\"yoast-schema-graph\">{\"@context\":\"https:\\\/\\\/schema.org\",\"@graph\":[{\"@type\":\"WebPage\",\"@id\":\"https:\\\/\\\/www.fuentedeladuquesa.com\\\/de\\\/visite-des-lieux\\\/\",\"url\":\"https:\\\/\\\/www.fuentedeladuquesa.com\\\/de\\\/visite-des-lieux\\\/\",\"name\":\"Site visit - Appartement Espagne\",\"isPartOf\":{\"@id\":\"https:\\\/\\\/www.fuentedeladuquesa.com\\\/#website\"},\"datePublished\":\"2016-03-22T13:19:45+00:00\",\"dateModified\":\"2016-09-27T20:19:19+00:00\",\"breadcrumb\":{\"@id\":\"https:\\\/\\\/www.fuentedeladuquesa.com\\\/de\\\/visite-des-lieux\\\/#breadcrumb\"},\"inLanguage\":\"de\",\"potentialAction\":[{\"@type\":\"ReadAction\",\"target\":[\"https:\\\/\\\/www.fuentedeladuquesa.com\\\/de\\\/visite-des-lieux\\\/\"]}]},{\"@type\":\"BreadcrumbList\",\"@id\":\"https:\\\/\\\/www.fuentedeladuquesa.com\\\/de\\\/visite-des-lieux\\\/#breadcrumb\",\"itemListElement\":[{\"@type\":\"ListItem\",\"position\":1,\"name\":\"Accueil\",\"item\":\"https:\\\/\\\/www.fuentedeladuquesa.com\\\/de\\\/\"},{\"@type\":\"ListItem\",\"position\":2,\"name\":\"Site visit\"}]},{\"@type\":\"WebSite\",\"@id\":\"https:\\\/\\\/www.fuentedeladuquesa.com\\\/#website\",\"url\":\"https:\\\/\\\/www.fuentedeladuquesa.com\\\/\",\"name\":\"Appartement Espagne\",\"description\":\"\",\"potentialAction\":[{\"@type\":\"SearchAction\",\"target\":{\"@type\":\"EntryPoint\",\"urlTemplate\":\"https:\\\/\\\/www.fuentedeladuquesa.com\\\/?s={search_term_string}\"},\"query-input\":{\"@type\":\"PropertyValueSpecification\",\"valueRequired\":true,\"valueName\":\"search_term_string\"}}],\"inLanguage\":\"de\"}]}<\/script>\n<!-- \/ Yoast SEO plugin. -->","yoast_head_json":{"title":"Site visit - Appartement Espagne","robots":{"index":"index","follow":"follow","max-snippet":"max-snippet:-1","max-image-preview":"max-image-preview:large","max-video-preview":"max-video-preview:-1"},"canonical":"https:\/\/www.fuentedeladuquesa.com\/de\/visite-des-lieux\/","og_locale":"de_DE","og_type":"article","og_title":"Site visit - Appartement Espagne","og_description":"Diese Wohnung verf\u00fcgt \u00fcber zwei Schlafzimmer jeweils direkt mit ihren eigenen Duschraum mit WC (eines mit Doppelbett, das andere mit zwei Doppelbetten mit einem Mezzanine) in Verbindung steht, Wohnzimmer (mit 2 Doppelsofabetten , TV, DVD und USB-Stick) und ein Esszimmer. offene K\u00fcche zum Wohnzimmer mit Sp\u00fclmaschine, Backofen, Mikrowelle, Toaster, Kaffeemaschine, Mixer, Kaffeemaschine und Radio. Waschk\u00fcche... En savoir plus","og_url":"https:\/\/www.fuentedeladuquesa.com\/de\/visite-des-lieux\/","og_site_name":"Appartement Espagne","article_modified_time":"2016-09-27T20:19:19+00:00","twitter_card":"summary_large_image","twitter_misc":{"Gesch\u00e4tzte Lesezeit":"1\u00a0Minute"},"schema":{"@context":"https:\/\/schema.org","@graph":[{"@type":"WebPage","@id":"https:\/\/www.fuentedeladuquesa.com\/de\/visite-des-lieux\/","url":"https:\/\/www.fuentedeladuquesa.com\/de\/visite-des-lieux\/","name":"Site visit - Appartement Espagne","isPartOf":{"@id":"https:\/\/www.fuentedeladuquesa.com\/#website"},"datePublished":"2016-03-22T13:19:45+00:00","dateModified":"2016-09-27T20:19:19+00:00","breadcrumb":{"@id":"https:\/\/www.fuentedeladuquesa.com\/de\/visite-des-lieux\/#breadcrumb"},"inLanguage":"de","potentialAction":[{"@type":"ReadAction","target":["https:\/\/www.fuentedeladuquesa.com\/de\/visite-des-lieux\/"]}]},{"@type":"BreadcrumbList","@id":"https:\/\/www.fuentedeladuquesa.com\/de\/visite-des-lieux\/#breadcrumb","itemListElement":[{"@type":"ListItem","position":1,"name":"Accueil","item":"https:\/\/www.fuentedeladuquesa.com\/de\/"},{"@type":"ListItem","position":2,"name":"Site visit"}]},{"@type":"WebSite","@id":"https:\/\/www.fuentedeladuquesa.com\/#website","url":"https:\/\/www.fuentedeladuquesa.com\/","name":"Appartement Espagne","description":"","potentialAction":[{"@type":"SearchAction","target":{"@type":"EntryPoint","urlTemplate":"https:\/\/www.fuentedeladuquesa.com\/?s={search_term_string}"},"query-input":{"@type":"PropertyValueSpecification","valueRequired":true,"valueName":"search_term_string"}}],"inLanguage":"de"}]}},"_links":{"self":[{"href":"https:\/\/www.fuentedeladuquesa.com\/de\/wp-json\/wp\/v2\/pages\/513","targetHints":{"allow":["GET"]}}],"collection":[{"href":"https:\/\/www.fuentedeladuquesa.com\/de\/wp-json\/wp\/v2\/pages"}],"about":[{"href":"https:\/\/www.fuentedeladuquesa.com\/de\/wp-json\/wp\/v2\/types\/page"}],"author":[{"embeddable":true,"href":"https:\/\/www.fuentedeladuquesa.com\/de\/wp-json\/wp\/v2\/users\/2"}],"replies":[{"embeddable":true,"href":"https:\/\/www.fuentedeladuquesa.com\/de\/wp-json\/wp\/v2\/comments?post=513"}],"version-history":[{"count":3,"href":"https:\/\/www.fuentedeladuquesa.com\/de\/wp-json\/wp\/v2\/pages\/513\/revisions"}],"predecessor-version":[{"id":1023,"href":"https:\/\/www.fuentedeladuquesa.com\/de\/wp-json\/wp\/v2\/pages\/513\/revisions\/1023"}],"wp:attachment":[{"href":"https:\/\/www.fuentedeladuquesa.com\/de\/wp-json\/wp\/v2\/media?parent=513"}],"curies":[{"name":"wp","href":"https:\/\/api.w.org\/{rel}","templated":true}]}}