{"id":514,"date":"2016-03-22T14:19:45","date_gmt":"2016-03-22T13:19:45","guid":{"rendered":"http:\/\/www.fuentedeladuquesa.com\/es\/visite-des-lieux\/"},"modified":"2016-09-27T21:15:42","modified_gmt":"2016-09-27T20:15:42","slug":"visite-des-lieux","status":"publish","type":"page","link":"https:\/\/www.fuentedeladuquesa.com\/es\/visite-des-lieux\/","title":{"rendered":"Visita el sitio"},"content":{"rendered":"<p>Este apartamento tiene dos dormitorios cada uno que se comunican directamente con su cuarto de ba\u00f1o privado con ducha (uno con una cama doble, otra con dos camas dobles, incluyendo un altillo), sala de estar (con 2 sof\u00e1s-cama doble , TV, DVD y unidad USB) y un comedor.<\/p>\n<p>cocina abierta a la sala de estar con lavavajillas, horno, microondas, tostadora, cafetera, licuadora, cafetera y radio.<\/p>\n<p>Lavadero con una lavadora, una secadora el\u00e9ctrica, plancha y tabla de planchar. Un tercer WC separado tambi\u00e9n est\u00e1 disponible. Centralizado de aire acondicionado reversible.<\/p>\n<p>Apartamento para no fumadores, no se permiten mascotas. Ideal para vacaciones familiares o amigos.<\/p>\n<p>Tambi\u00e9n a 10 minutos de la ciudad de Estepona, Marbella 35min y 50min del aeropuerto de M\u00e1laga.<\/p>\n","protected":false},"excerpt":{"rendered":"Este apartamento tiene dos dormitorios cada uno que se comunican directamente con su cuarto de ba\u00f1o privado con ducha (uno con una cama doble, otra con dos camas dobles, incluyendo un altillo), sala de estar (con 2 sof\u00e1s-cama doble , TV, DVD y unidad USB) y un comedor. cocina abierta a la sala de estar&#8230; <a class=\"view-article\" href=\"https:\/\/www.fuentedeladuquesa.com\/es\/visite-des-lieux\/\">En savoir plus<\/a>","protected":false},"author":2,"featured_media":0,"parent":0,"menu_order":0,"comment_status":"closed","ping_status":"closed","template":"template-visite.php","meta":{"_acf_changed":false,"footnotes":""},"class_list":["post-514","page","type-page","status-publish","hentry"],"acf":[],"yoast_head":"<!-- This site is optimized with the Yoast SEO plugin v27.4 - https:\/\/yoast.com\/product\/yoast-seo-wordpress\/ -->\n<title>Visita el sitio - Appartement Espagne<\/title>\n<meta name=\"robots\" content=\"index, follow, max-snippet:-1, max-image-preview:large, max-video-preview:-1\" \/>\n<link rel=\"canonical\" href=\"https:\/\/www.fuentedeladuquesa.com\/es\/visite-des-lieux\/\" \/>\n<meta property=\"og:locale\" content=\"es_ES\" \/>\n<meta property=\"og:type\" content=\"article\" \/>\n<meta property=\"og:title\" content=\"Visita el sitio - Appartement Espagne\" \/>\n<meta property=\"og:description\" content=\"Este apartamento tiene dos dormitorios cada uno que se comunican directamente con su cuarto de ba\u00f1o privado con ducha (uno con una cama doble, otra con dos camas dobles, incluyendo un altillo), sala de estar (con 2 sof\u00e1s-cama doble , TV, DVD y unidad USB) y un comedor. cocina abierta a la sala de estar... En savoir plus\" \/>\n<meta property=\"og:url\" content=\"https:\/\/www.fuentedeladuquesa.com\/es\/visite-des-lieux\/\" \/>\n<meta property=\"og:site_name\" content=\"Appartement Espagne\" \/>\n<meta property=\"article:modified_time\" content=\"2016-09-27T20:15:42+00:00\" \/>\n<meta name=\"twitter:card\" content=\"summary_large_image\" \/>\n<meta name=\"twitter:label1\" content=\"Tiempo de lectura\" \/>\n\t<meta name=\"twitter:data1\" content=\"1 minuto\" \/>\n<script type=\"application\/ld+json\" class=\"yoast-schema-graph\">{\"@context\":\"https:\\\/\\\/schema.org\",\"@graph\":[{\"@type\":\"WebPage\",\"@id\":\"https:\\\/\\\/www.fuentedeladuquesa.com\\\/es\\\/visite-des-lieux\\\/\",\"url\":\"https:\\\/\\\/www.fuentedeladuquesa.com\\\/es\\\/visite-des-lieux\\\/\",\"name\":\"Visita el sitio - Appartement Espagne\",\"isPartOf\":{\"@id\":\"https:\\\/\\\/www.fuentedeladuquesa.com\\\/#website\"},\"datePublished\":\"2016-03-22T13:19:45+00:00\",\"dateModified\":\"2016-09-27T20:15:42+00:00\",\"breadcrumb\":{\"@id\":\"https:\\\/\\\/www.fuentedeladuquesa.com\\\/es\\\/visite-des-lieux\\\/#breadcrumb\"},\"inLanguage\":\"es\",\"potentialAction\":[{\"@type\":\"ReadAction\",\"target\":[\"https:\\\/\\\/www.fuentedeladuquesa.com\\\/es\\\/visite-des-lieux\\\/\"]}]},{\"@type\":\"BreadcrumbList\",\"@id\":\"https:\\\/\\\/www.fuentedeladuquesa.com\\\/es\\\/visite-des-lieux\\\/#breadcrumb\",\"itemListElement\":[{\"@type\":\"ListItem\",\"position\":1,\"name\":\"Accueil\",\"item\":\"https:\\\/\\\/www.fuentedeladuquesa.com\\\/es\\\/\"},{\"@type\":\"ListItem\",\"position\":2,\"name\":\"Visita el sitio\"}]},{\"@type\":\"WebSite\",\"@id\":\"https:\\\/\\\/www.fuentedeladuquesa.com\\\/#website\",\"url\":\"https:\\\/\\\/www.fuentedeladuquesa.com\\\/\",\"name\":\"Appartement Espagne\",\"description\":\"\",\"potentialAction\":[{\"@type\":\"SearchAction\",\"target\":{\"@type\":\"EntryPoint\",\"urlTemplate\":\"https:\\\/\\\/www.fuentedeladuquesa.com\\\/?s={search_term_string}\"},\"query-input\":{\"@type\":\"PropertyValueSpecification\",\"valueRequired\":true,\"valueName\":\"search_term_string\"}}],\"inLanguage\":\"es\"}]}<\/script>\n<!-- \/ Yoast SEO plugin. -->","yoast_head_json":{"title":"Visita el sitio - Appartement Espagne","robots":{"index":"index","follow":"follow","max-snippet":"max-snippet:-1","max-image-preview":"max-image-preview:large","max-video-preview":"max-video-preview:-1"},"canonical":"https:\/\/www.fuentedeladuquesa.com\/es\/visite-des-lieux\/","og_locale":"es_ES","og_type":"article","og_title":"Visita el sitio - Appartement Espagne","og_description":"Este apartamento tiene dos dormitorios cada uno que se comunican directamente con su cuarto de ba\u00f1o privado con ducha (uno con una cama doble, otra con dos camas dobles, incluyendo un altillo), sala de estar (con 2 sof\u00e1s-cama doble , TV, DVD y unidad USB) y un comedor. cocina abierta a la sala de estar... En savoir plus","og_url":"https:\/\/www.fuentedeladuquesa.com\/es\/visite-des-lieux\/","og_site_name":"Appartement Espagne","article_modified_time":"2016-09-27T20:15:42+00:00","twitter_card":"summary_large_image","twitter_misc":{"Tiempo de lectura":"1 minuto"},"schema":{"@context":"https:\/\/schema.org","@graph":[{"@type":"WebPage","@id":"https:\/\/www.fuentedeladuquesa.com\/es\/visite-des-lieux\/","url":"https:\/\/www.fuentedeladuquesa.com\/es\/visite-des-lieux\/","name":"Visita el sitio - Appartement Espagne","isPartOf":{"@id":"https:\/\/www.fuentedeladuquesa.com\/#website"},"datePublished":"2016-03-22T13:19:45+00:00","dateModified":"2016-09-27T20:15:42+00:00","breadcrumb":{"@id":"https:\/\/www.fuentedeladuquesa.com\/es\/visite-des-lieux\/#breadcrumb"},"inLanguage":"es","potentialAction":[{"@type":"ReadAction","target":["https:\/\/www.fuentedeladuquesa.com\/es\/visite-des-lieux\/"]}]},{"@type":"BreadcrumbList","@id":"https:\/\/www.fuentedeladuquesa.com\/es\/visite-des-lieux\/#breadcrumb","itemListElement":[{"@type":"ListItem","position":1,"name":"Accueil","item":"https:\/\/www.fuentedeladuquesa.com\/es\/"},{"@type":"ListItem","position":2,"name":"Visita el sitio"}]},{"@type":"WebSite","@id":"https:\/\/www.fuentedeladuquesa.com\/#website","url":"https:\/\/www.fuentedeladuquesa.com\/","name":"Appartement Espagne","description":"","potentialAction":[{"@type":"SearchAction","target":{"@type":"EntryPoint","urlTemplate":"https:\/\/www.fuentedeladuquesa.com\/?s={search_term_string}"},"query-input":{"@type":"PropertyValueSpecification","valueRequired":true,"valueName":"search_term_string"}}],"inLanguage":"es"}]}},"_links":{"self":[{"href":"https:\/\/www.fuentedeladuquesa.com\/es\/wp-json\/wp\/v2\/pages\/514","targetHints":{"allow":["GET"]}}],"collection":[{"href":"https:\/\/www.fuentedeladuquesa.com\/es\/wp-json\/wp\/v2\/pages"}],"about":[{"href":"https:\/\/www.fuentedeladuquesa.com\/es\/wp-json\/wp\/v2\/types\/page"}],"author":[{"embeddable":true,"href":"https:\/\/www.fuentedeladuquesa.com\/es\/wp-json\/wp\/v2\/users\/2"}],"replies":[{"embeddable":true,"href":"https:\/\/www.fuentedeladuquesa.com\/es\/wp-json\/wp\/v2\/comments?post=514"}],"version-history":[{"count":5,"href":"https:\/\/www.fuentedeladuquesa.com\/es\/wp-json\/wp\/v2\/pages\/514\/revisions"}],"predecessor-version":[{"id":1021,"href":"https:\/\/www.fuentedeladuquesa.com\/es\/wp-json\/wp\/v2\/pages\/514\/revisions\/1021"}],"wp:attachment":[{"href":"https:\/\/www.fuentedeladuquesa.com\/es\/wp-json\/wp\/v2\/media?parent=514"}],"curies":[{"name":"wp","href":"https:\/\/api.w.org\/{rel}","templated":true}]}}