{"id":519,"date":"2016-03-22T14:16:23","date_gmt":"2016-03-22T13:16:23","guid":{"rendered":"http:\/\/www.fuentedeladuquesa.com\/es\/accueil\/"},"modified":"2016-09-27T20:41:43","modified_gmt":"2016-09-27T19:41:43","slug":"accueil","status":"publish","type":"page","link":"https:\/\/www.fuentedeladuquesa.com\/es\/","title":{"rendered":"Inicio"},"content":{"rendered":"<p>Cet appartement est id\u00e9alement situ\u00e9 \u00e0 proximit\u00e9 de toutes les activit\u00e9s qu&#8217;offrent la r\u00e9gion tout en se positionnant dans un \u00eelot entour\u00e9 de verdure.<br \/>\nLe complexe r\u00e9sidentiel dans lequel se situe l&#8217;appartement se trouve \u00e0 5 minutes des premiers petits magasins, \u00e0 15 minutes du port de plaisance de La Duquesa et des plages de sable fin. Les amateurs de calme et farniente seront combl\u00e9s par ce logement situ\u00e9 au rez-de-chauss\u00e9e avec vue sur mer et sur la piscine principale du complexe qui comporte 2 piscines accessibles, 2 terrasses \u00bb solarium \u00ab, un pr\u00e9au et de nombreux chemins de promenade avec des vues imprenables sur la r\u00e9gion.<\/p>\n<p>Les passionn\u00e9s de golf ne resteront pas sur leur fin vu que la r\u00e9sidence offre une vue imprenable sur le golf de La Duquesa qui entoure litt\u00e9ralement le complexe.<\/p>\n","protected":false},"excerpt":{"rendered":"Cet appartement est id\u00e9alement situ\u00e9 \u00e0 proximit\u00e9 de toutes les activit\u00e9s qu&#8217;offrent la r\u00e9gion tout en se positionnant dans un \u00eelot entour\u00e9 de verdure. Le complexe r\u00e9sidentiel dans lequel se situe l&#8217;appartement se trouve \u00e0 5 minutes des premiers petits magasins, \u00e0 15 minutes du port de plaisance de La Duquesa et des plages de&#8230; <a class=\"view-article\" href=\"https:\/\/www.fuentedeladuquesa.com\/es\/\">En savoir plus<\/a>","protected":false},"author":2,"featured_media":0,"parent":0,"menu_order":0,"comment_status":"closed","ping_status":"closed","template":"template-home.php","meta":{"_acf_changed":false,"footnotes":""},"class_list":["post-519","page","type-page","status-publish","hentry"],"acf":[],"yoast_head":"<!-- This site is optimized with the Yoast SEO plugin v27.4 - https:\/\/yoast.com\/product\/yoast-seo-wordpress\/ -->\n<title>Inicio - Appartement Espagne<\/title>\n<meta name=\"robots\" content=\"index, follow, max-snippet:-1, max-image-preview:large, max-video-preview:-1\" \/>\n<link rel=\"canonical\" href=\"https:\/\/www.fuentedeladuquesa.com\/es\/\" \/>\n<meta property=\"og:locale\" content=\"es_ES\" \/>\n<meta property=\"og:type\" content=\"article\" \/>\n<meta property=\"og:title\" content=\"Inicio - Appartement Espagne\" \/>\n<meta property=\"og:description\" content=\"Cet appartement est id\u00e9alement situ\u00e9 \u00e0 proximit\u00e9 de toutes les activit\u00e9s qu&#8217;offrent la r\u00e9gion tout en se positionnant dans un \u00eelot entour\u00e9 de verdure. Le complexe r\u00e9sidentiel dans lequel se situe l&#8217;appartement se trouve \u00e0 5 minutes des premiers petits magasins, \u00e0 15 minutes du port de plaisance de La Duquesa et des plages de... En savoir plus\" \/>\n<meta property=\"og:url\" content=\"https:\/\/www.fuentedeladuquesa.com\/es\/\" \/>\n<meta property=\"og:site_name\" content=\"Appartement Espagne\" \/>\n<meta property=\"article:modified_time\" content=\"2016-09-27T19:41:43+00:00\" \/>\n<meta name=\"twitter:card\" content=\"summary_large_image\" \/>\n<meta name=\"twitter:label1\" content=\"Tiempo de lectura\" \/>\n\t<meta name=\"twitter:data1\" content=\"1 minuto\" \/>\n<script type=\"application\/ld+json\" class=\"yoast-schema-graph\">{\"@context\":\"https:\\\/\\\/schema.org\",\"@graph\":[{\"@type\":\"WebPage\",\"@id\":\"https:\\\/\\\/www.fuentedeladuquesa.com\\\/es\\\/\",\"url\":\"https:\\\/\\\/www.fuentedeladuquesa.com\\\/es\\\/\",\"name\":\"Inicio - Appartement Espagne\",\"isPartOf\":{\"@id\":\"https:\\\/\\\/www.fuentedeladuquesa.com\\\/#website\"},\"datePublished\":\"2016-03-22T13:16:23+00:00\",\"dateModified\":\"2016-09-27T19:41:43+00:00\",\"breadcrumb\":{\"@id\":\"https:\\\/\\\/www.fuentedeladuquesa.com\\\/es\\\/#breadcrumb\"},\"inLanguage\":\"es\",\"potentialAction\":[{\"@type\":\"ReadAction\",\"target\":[\"https:\\\/\\\/www.fuentedeladuquesa.com\\\/es\\\/\"]}]},{\"@type\":\"BreadcrumbList\",\"@id\":\"https:\\\/\\\/www.fuentedeladuquesa.com\\\/es\\\/#breadcrumb\",\"itemListElement\":[{\"@type\":\"ListItem\",\"position\":1,\"name\":\"Accueil\",\"item\":\"https:\\\/\\\/www.fuentedeladuquesa.com\\\/es\\\/\"},{\"@type\":\"ListItem\",\"position\":2,\"name\":\"Inicio\"}]},{\"@type\":\"WebSite\",\"@id\":\"https:\\\/\\\/www.fuentedeladuquesa.com\\\/#website\",\"url\":\"https:\\\/\\\/www.fuentedeladuquesa.com\\\/\",\"name\":\"Appartement Espagne\",\"description\":\"\",\"potentialAction\":[{\"@type\":\"SearchAction\",\"target\":{\"@type\":\"EntryPoint\",\"urlTemplate\":\"https:\\\/\\\/www.fuentedeladuquesa.com\\\/?s={search_term_string}\"},\"query-input\":{\"@type\":\"PropertyValueSpecification\",\"valueRequired\":true,\"valueName\":\"search_term_string\"}}],\"inLanguage\":\"es\"}]}<\/script>\n<!-- \/ Yoast SEO plugin. -->","yoast_head_json":{"title":"Inicio - Appartement Espagne","robots":{"index":"index","follow":"follow","max-snippet":"max-snippet:-1","max-image-preview":"max-image-preview:large","max-video-preview":"max-video-preview:-1"},"canonical":"https:\/\/www.fuentedeladuquesa.com\/es\/","og_locale":"es_ES","og_type":"article","og_title":"Inicio - Appartement Espagne","og_description":"Cet appartement est id\u00e9alement situ\u00e9 \u00e0 proximit\u00e9 de toutes les activit\u00e9s qu&#8217;offrent la r\u00e9gion tout en se positionnant dans un \u00eelot entour\u00e9 de verdure. Le complexe r\u00e9sidentiel dans lequel se situe l&#8217;appartement se trouve \u00e0 5 minutes des premiers petits magasins, \u00e0 15 minutes du port de plaisance de La Duquesa et des plages de... En savoir plus","og_url":"https:\/\/www.fuentedeladuquesa.com\/es\/","og_site_name":"Appartement Espagne","article_modified_time":"2016-09-27T19:41:43+00:00","twitter_card":"summary_large_image","twitter_misc":{"Tiempo de lectura":"1 minuto"},"schema":{"@context":"https:\/\/schema.org","@graph":[{"@type":"WebPage","@id":"https:\/\/www.fuentedeladuquesa.com\/es\/","url":"https:\/\/www.fuentedeladuquesa.com\/es\/","name":"Inicio - Appartement Espagne","isPartOf":{"@id":"https:\/\/www.fuentedeladuquesa.com\/#website"},"datePublished":"2016-03-22T13:16:23+00:00","dateModified":"2016-09-27T19:41:43+00:00","breadcrumb":{"@id":"https:\/\/www.fuentedeladuquesa.com\/es\/#breadcrumb"},"inLanguage":"es","potentialAction":[{"@type":"ReadAction","target":["https:\/\/www.fuentedeladuquesa.com\/es\/"]}]},{"@type":"BreadcrumbList","@id":"https:\/\/www.fuentedeladuquesa.com\/es\/#breadcrumb","itemListElement":[{"@type":"ListItem","position":1,"name":"Accueil","item":"https:\/\/www.fuentedeladuquesa.com\/es\/"},{"@type":"ListItem","position":2,"name":"Inicio"}]},{"@type":"WebSite","@id":"https:\/\/www.fuentedeladuquesa.com\/#website","url":"https:\/\/www.fuentedeladuquesa.com\/","name":"Appartement Espagne","description":"","potentialAction":[{"@type":"SearchAction","target":{"@type":"EntryPoint","urlTemplate":"https:\/\/www.fuentedeladuquesa.com\/?s={search_term_string}"},"query-input":{"@type":"PropertyValueSpecification","valueRequired":true,"valueName":"search_term_string"}}],"inLanguage":"es"}]}},"_links":{"self":[{"href":"https:\/\/www.fuentedeladuquesa.com\/es\/wp-json\/wp\/v2\/pages\/519","targetHints":{"allow":["GET"]}}],"collection":[{"href":"https:\/\/www.fuentedeladuquesa.com\/es\/wp-json\/wp\/v2\/pages"}],"about":[{"href":"https:\/\/www.fuentedeladuquesa.com\/es\/wp-json\/wp\/v2\/types\/page"}],"author":[{"embeddable":true,"href":"https:\/\/www.fuentedeladuquesa.com\/es\/wp-json\/wp\/v2\/users\/2"}],"replies":[{"embeddable":true,"href":"https:\/\/www.fuentedeladuquesa.com\/es\/wp-json\/wp\/v2\/comments?post=519"}],"version-history":[{"count":2,"href":"https:\/\/www.fuentedeladuquesa.com\/es\/wp-json\/wp\/v2\/pages\/519\/revisions"}],"predecessor-version":[{"id":990,"href":"https:\/\/www.fuentedeladuquesa.com\/es\/wp-json\/wp\/v2\/pages\/519\/revisions\/990"}],"wp:attachment":[{"href":"https:\/\/www.fuentedeladuquesa.com\/es\/wp-json\/wp\/v2\/media?parent=519"}],"curies":[{"name":"wp","href":"https:\/\/api.w.org\/{rel}","templated":true}]}}