{"id":515,"date":"2016-03-22T14:19:45","date_gmt":"2016-03-22T13:19:45","guid":{"rendered":"http:\/\/www.fuentedeladuquesa.com\/pt-pt\/visite-des-lieux\/"},"modified":"2016-09-27T21:21:10","modified_gmt":"2016-09-27T20:21:10","slug":"visite-des-lieux","status":"publish","type":"page","link":"https:\/\/www.fuentedeladuquesa.com\/pt-pt\/visite-des-lieux\/","title":{"rendered":"Visite o site"},"content":{"rendered":"<p>Este apartamento tem dois quartos cada um se comunicando diretamente com sua casa de banho privada com WC (um com uma cama de casal, o outro com duas camas de casal, incluindo um mezanino), sala de estar (com 2 sof\u00e1s-cama de casal , TV, DVD e USB carro) e uma sala de jantar.<\/p>\n<p>cozinha aberta para a sala com m\u00e1quina de lavar lou\u00e7a, forno, microondas, torradeira, cafeteira, liquidificador, cafeteira e r\u00e1dio.<\/p>\n<p>Lavanderia com uma m\u00e1quina de lavar roupa, secador el\u00e9trico, ferro e t\u00e1bua de engomar. Um terceiro banheiro separado tamb\u00e9m est\u00e1 dispon\u00edvel. Centralizada ar condicionado revers\u00edvel.<\/p>\n<p>Apartamento para n\u00e3o fumadores, n\u00e3o s\u00e3o permitidos animais. Ideal para f\u00e9rias em fam\u00edlia ou amigos.<\/p>\n<p>Tamb\u00e9m a 10 minutos da cidade de Estepona, Marbella 35min e 50min do aeroporto de M\u00e1laga.<\/p>\n","protected":false},"excerpt":{"rendered":"Este apartamento tem dois quartos cada um se comunicando diretamente com sua casa de banho privada com WC (um com uma cama de casal, o outro com duas camas de casal, incluindo um mezanino), sala de estar (com 2 sof\u00e1s-cama de casal , TV, DVD e USB carro) e uma sala de jantar. cozinha aberta&#8230; <a class=\"view-article\" href=\"https:\/\/www.fuentedeladuquesa.com\/pt-pt\/visite-des-lieux\/\">En savoir plus<\/a>","protected":false},"author":2,"featured_media":0,"parent":0,"menu_order":0,"comment_status":"closed","ping_status":"closed","template":"template-visite.php","meta":{"_acf_changed":false,"footnotes":""},"class_list":["post-515","page","type-page","status-publish","hentry"],"acf":[],"yoast_head":"<!-- This site is optimized with the Yoast SEO plugin v27.4 - https:\/\/yoast.com\/product\/yoast-seo-wordpress\/ -->\n<title>Visite o site - Appartement Espagne<\/title>\n<meta name=\"robots\" content=\"index, follow, max-snippet:-1, max-image-preview:large, max-video-preview:-1\" \/>\n<link rel=\"canonical\" href=\"https:\/\/www.fuentedeladuquesa.com\/pt-pt\/visite-des-lieux\/\" \/>\n<meta property=\"og:locale\" content=\"pt_PT\" \/>\n<meta property=\"og:type\" content=\"article\" \/>\n<meta property=\"og:title\" content=\"Visite o site - Appartement Espagne\" \/>\n<meta property=\"og:description\" content=\"Este apartamento tem dois quartos cada um se comunicando diretamente com sua casa de banho privada com WC (um com uma cama de casal, o outro com duas camas de casal, incluindo um mezanino), sala de estar (com 2 sof\u00e1s-cama de casal , TV, DVD e USB carro) e uma sala de jantar. cozinha aberta... En savoir plus\" \/>\n<meta property=\"og:url\" content=\"https:\/\/www.fuentedeladuquesa.com\/pt-pt\/visite-des-lieux\/\" \/>\n<meta property=\"og:site_name\" content=\"Appartement Espagne\" \/>\n<meta property=\"article:modified_time\" content=\"2016-09-27T20:21:10+00:00\" \/>\n<meta name=\"twitter:card\" content=\"summary_large_image\" \/>\n<meta name=\"twitter:label1\" content=\"Tempo estimado de leitura\" \/>\n\t<meta name=\"twitter:data1\" content=\"1 minuto\" \/>\n<script type=\"application\/ld+json\" class=\"yoast-schema-graph\">{\"@context\":\"https:\\\/\\\/schema.org\",\"@graph\":[{\"@type\":\"WebPage\",\"@id\":\"https:\\\/\\\/www.fuentedeladuquesa.com\\\/pt-pt\\\/visite-des-lieux\\\/\",\"url\":\"https:\\\/\\\/www.fuentedeladuquesa.com\\\/pt-pt\\\/visite-des-lieux\\\/\",\"name\":\"Visite o site - Appartement Espagne\",\"isPartOf\":{\"@id\":\"https:\\\/\\\/www.fuentedeladuquesa.com\\\/#website\"},\"datePublished\":\"2016-03-22T13:19:45+00:00\",\"dateModified\":\"2016-09-27T20:21:10+00:00\",\"breadcrumb\":{\"@id\":\"https:\\\/\\\/www.fuentedeladuquesa.com\\\/pt-pt\\\/visite-des-lieux\\\/#breadcrumb\"},\"inLanguage\":\"pt-PT\",\"potentialAction\":[{\"@type\":\"ReadAction\",\"target\":[\"https:\\\/\\\/www.fuentedeladuquesa.com\\\/pt-pt\\\/visite-des-lieux\\\/\"]}]},{\"@type\":\"BreadcrumbList\",\"@id\":\"https:\\\/\\\/www.fuentedeladuquesa.com\\\/pt-pt\\\/visite-des-lieux\\\/#breadcrumb\",\"itemListElement\":[{\"@type\":\"ListItem\",\"position\":1,\"name\":\"Accueil\",\"item\":\"https:\\\/\\\/www.fuentedeladuquesa.com\\\/pt-pt\\\/\"},{\"@type\":\"ListItem\",\"position\":2,\"name\":\"Visite o site\"}]},{\"@type\":\"WebSite\",\"@id\":\"https:\\\/\\\/www.fuentedeladuquesa.com\\\/#website\",\"url\":\"https:\\\/\\\/www.fuentedeladuquesa.com\\\/\",\"name\":\"Appartement Espagne\",\"description\":\"\",\"potentialAction\":[{\"@type\":\"SearchAction\",\"target\":{\"@type\":\"EntryPoint\",\"urlTemplate\":\"https:\\\/\\\/www.fuentedeladuquesa.com\\\/?s={search_term_string}\"},\"query-input\":{\"@type\":\"PropertyValueSpecification\",\"valueRequired\":true,\"valueName\":\"search_term_string\"}}],\"inLanguage\":\"pt-PT\"}]}<\/script>\n<!-- \/ Yoast SEO plugin. -->","yoast_head_json":{"title":"Visite o site - Appartement Espagne","robots":{"index":"index","follow":"follow","max-snippet":"max-snippet:-1","max-image-preview":"max-image-preview:large","max-video-preview":"max-video-preview:-1"},"canonical":"https:\/\/www.fuentedeladuquesa.com\/pt-pt\/visite-des-lieux\/","og_locale":"pt_PT","og_type":"article","og_title":"Visite o site - Appartement Espagne","og_description":"Este apartamento tem dois quartos cada um se comunicando diretamente com sua casa de banho privada com WC (um com uma cama de casal, o outro com duas camas de casal, incluindo um mezanino), sala de estar (com 2 sof\u00e1s-cama de casal , TV, DVD e USB carro) e uma sala de jantar. cozinha aberta... En savoir plus","og_url":"https:\/\/www.fuentedeladuquesa.com\/pt-pt\/visite-des-lieux\/","og_site_name":"Appartement Espagne","article_modified_time":"2016-09-27T20:21:10+00:00","twitter_card":"summary_large_image","twitter_misc":{"Tempo estimado de leitura":"1 minuto"},"schema":{"@context":"https:\/\/schema.org","@graph":[{"@type":"WebPage","@id":"https:\/\/www.fuentedeladuquesa.com\/pt-pt\/visite-des-lieux\/","url":"https:\/\/www.fuentedeladuquesa.com\/pt-pt\/visite-des-lieux\/","name":"Visite o site - Appartement Espagne","isPartOf":{"@id":"https:\/\/www.fuentedeladuquesa.com\/#website"},"datePublished":"2016-03-22T13:19:45+00:00","dateModified":"2016-09-27T20:21:10+00:00","breadcrumb":{"@id":"https:\/\/www.fuentedeladuquesa.com\/pt-pt\/visite-des-lieux\/#breadcrumb"},"inLanguage":"pt-PT","potentialAction":[{"@type":"ReadAction","target":["https:\/\/www.fuentedeladuquesa.com\/pt-pt\/visite-des-lieux\/"]}]},{"@type":"BreadcrumbList","@id":"https:\/\/www.fuentedeladuquesa.com\/pt-pt\/visite-des-lieux\/#breadcrumb","itemListElement":[{"@type":"ListItem","position":1,"name":"Accueil","item":"https:\/\/www.fuentedeladuquesa.com\/pt-pt\/"},{"@type":"ListItem","position":2,"name":"Visite o site"}]},{"@type":"WebSite","@id":"https:\/\/www.fuentedeladuquesa.com\/#website","url":"https:\/\/www.fuentedeladuquesa.com\/","name":"Appartement Espagne","description":"","potentialAction":[{"@type":"SearchAction","target":{"@type":"EntryPoint","urlTemplate":"https:\/\/www.fuentedeladuquesa.com\/?s={search_term_string}"},"query-input":{"@type":"PropertyValueSpecification","valueRequired":true,"valueName":"search_term_string"}}],"inLanguage":"pt-PT"}]}},"_links":{"self":[{"href":"https:\/\/www.fuentedeladuquesa.com\/pt-pt\/wp-json\/wp\/v2\/pages\/515","targetHints":{"allow":["GET"]}}],"collection":[{"href":"https:\/\/www.fuentedeladuquesa.com\/pt-pt\/wp-json\/wp\/v2\/pages"}],"about":[{"href":"https:\/\/www.fuentedeladuquesa.com\/pt-pt\/wp-json\/wp\/v2\/types\/page"}],"author":[{"embeddable":true,"href":"https:\/\/www.fuentedeladuquesa.com\/pt-pt\/wp-json\/wp\/v2\/users\/2"}],"replies":[{"embeddable":true,"href":"https:\/\/www.fuentedeladuquesa.com\/pt-pt\/wp-json\/wp\/v2\/comments?post=515"}],"version-history":[{"count":3,"href":"https:\/\/www.fuentedeladuquesa.com\/pt-pt\/wp-json\/wp\/v2\/pages\/515\/revisions"}],"predecessor-version":[{"id":1024,"href":"https:\/\/www.fuentedeladuquesa.com\/pt-pt\/wp-json\/wp\/v2\/pages\/515\/revisions\/1024"}],"wp:attachment":[{"href":"https:\/\/www.fuentedeladuquesa.com\/pt-pt\/wp-json\/wp\/v2\/media?parent=515"}],"curies":[{"name":"wp","href":"https:\/\/api.w.org\/{rel}","templated":true}]}}